{"id":574,"date":"2023-06-16T11:35:20","date_gmt":"2023-06-16T11:35:20","guid":{"rendered":"http:\/\/nanochronia.com\/our-technology\/"},"modified":"2026-02-23T09:39:20","modified_gmt":"2026-02-23T09:39:20","slug":"nuestra-tecnologia","status":"publish","type":"page","link":"https:\/\/nanochronia.com\/es\/nuestra-tecnologia\/","title":{"rendered":"Nuestra tecnolog\u00eda"},"content":{"rendered":"\t\t<div data-elementor-type=\"wp-page\" data-elementor-id=\"574\" class=\"elementor elementor-574 elementor-31\" data-elementor-post-type=\"page\">\n\t\t\t\t<div class=\"elementor-element elementor-element-fd4acca e-con-full e-flex e-con e-parent\" data-id=\"fd4acca\" data-element_type=\"container\" data-e-type=\"container\" data-settings=\"{&quot;background_background&quot;:&quot;classic&quot;}\">\n\t\t\t\t<div class=\"elementor-element elementor-element-87fd9ee elementor-widget elementor-widget-heading\" data-id=\"87fd9ee\" data-element_type=\"widget\" data-e-type=\"widget\" data-widget_type=\"heading.default\">\n\t\t\t\t<div class=\"elementor-widget-container\">\n\t\t\t\t\t<h2 class=\"elementor-heading-title elementor-size-default\">Nuestra tecnolog\u00eda <br> <\/h2>\t\t\t\t<\/div>\n\t\t\t\t<\/div>\n\t\t\t\t<\/div>\n\t\t<div class=\"elementor-element elementor-element-5a2c7a6 e-con-full e-flex e-con e-parent\" data-id=\"5a2c7a6\" data-element_type=\"container\" data-e-type=\"container\" data-settings=\"{&quot;background_background&quot;:&quot;classic&quot;}\">\n\t\t\t\t<div class=\"elementor-element elementor-element-8050d3c elementor-widget elementor-widget-heading\" data-id=\"8050d3c\" data-element_type=\"widget\" data-e-type=\"widget\" data-widget_type=\"heading.default\">\n\t\t\t\t<div class=\"elementor-widget-container\">\n\t\t\t\t\t<h2 class=\"elementor-heading-title elementor-size-default\">La evoluci\u00f3n de los sensores de gas...<\/h2>\t\t\t\t<\/div>\n\t\t\t\t<\/div>\n\t\t\t\t<div class=\"elementor-element elementor-element-e21fac7 elementor-widget elementor-widget-text-editor\" data-id=\"e21fac7\" data-element_type=\"widget\" data-e-type=\"widget\" data-widget_type=\"text-editor.default\">\n\t\t\t\t<div class=\"elementor-widget-container\">\n\t\t\t\t\t\t\t\t\t<p>&#8230;hacia la miniaturizaci\u00f3n, la especificidad, la sensibilidad y un menor consumo de energ\u00eda<\/p>\t\t\t\t\t\t\t\t<\/div>\n\t\t\t\t<\/div>\n\t\t\t\t<div class=\"elementor-element elementor-element-205ea88 elementor-hidden-mobile elementor-widget elementor-widget-image\" data-id=\"205ea88\" data-element_type=\"widget\" data-e-type=\"widget\" data-widget_type=\"image.default\">\n\t\t\t\t<div class=\"elementor-widget-container\">\n\t\t\t\t\t\t\t\t\t\t\t\t\t\t\t<img fetchpriority=\"high\" decoding=\"async\" width=\"2438\" height=\"585\" src=\"https:\/\/nanochronia.com\/wp-content\/uploads\/2023\/06\/Group-2717.png\" class=\"attachment-full size-full wp-image-539\" alt=\"\" srcset=\"https:\/\/nanochronia.com\/wp-content\/uploads\/2023\/06\/Group-2717.png 2438w, https:\/\/nanochronia.com\/wp-content\/uploads\/2023\/06\/Group-2717-300x72.png 300w, https:\/\/nanochronia.com\/wp-content\/uploads\/2023\/06\/Group-2717-1024x246.png 1024w, https:\/\/nanochronia.com\/wp-content\/uploads\/2023\/06\/Group-2717-768x184.png 768w, https:\/\/nanochronia.com\/wp-content\/uploads\/2023\/06\/Group-2717-1536x369.png 1536w, https:\/\/nanochronia.com\/wp-content\/uploads\/2023\/06\/Group-2717-2048x491.png 2048w\" sizes=\"(max-width: 2438px) 100vw, 2438px\" \/>\t\t\t\t\t\t\t\t\t\t\t\t\t\t\t<\/div>\n\t\t\t\t<\/div>\n\t\t\t\t<div class=\"elementor-element elementor-element-d233ac7 elementor-hidden-desktop elementor-hidden-tablet elementor-widget elementor-widget-image\" data-id=\"d233ac7\" data-element_type=\"widget\" data-e-type=\"widget\" data-widget_type=\"image.default\">\n\t\t\t\t<div class=\"elementor-widget-container\">\n\t\t\t\t\t\t\t\t\t\t\t\t\t\t\t<img decoding=\"async\" width=\"250\" height=\"1024\" src=\"https:\/\/nanochronia.com\/wp-content\/uploads\/2023\/06\/Group-2715-250x1024.png\" class=\"attachment-large size-large wp-image-523\" alt=\"\" srcset=\"https:\/\/nanochronia.com\/wp-content\/uploads\/2023\/06\/Group-2715-250x1024.png 250w, https:\/\/nanochronia.com\/wp-content\/uploads\/2023\/06\/Group-2715-73x300.png 73w, https:\/\/nanochronia.com\/wp-content\/uploads\/2023\/06\/Group-2715-375x1536.png 375w, https:\/\/nanochronia.com\/wp-content\/uploads\/2023\/06\/Group-2715-500x2048.png 500w, https:\/\/nanochronia.com\/wp-content\/uploads\/2023\/06\/Group-2715.png 565w\" sizes=\"(max-width: 250px) 100vw, 250px\" \/>\t\t\t\t\t\t\t\t\t\t\t\t\t\t\t<\/div>\n\t\t\t\t<\/div>\n\t\t\t\t<\/div>\n\t\t<div class=\"elementor-element elementor-element-64d58a3 e-con-full servicios e-flex e-con e-parent\" data-id=\"64d58a3\" data-element_type=\"container\" data-e-type=\"container\">\n\t\t\t\t<div class=\"elementor-element elementor-element-6db2eea elementor-widget elementor-widget-heading\" data-id=\"6db2eea\" data-element_type=\"widget\" data-e-type=\"widget\" data-widget_type=\"heading.default\">\n\t\t\t\t<div class=\"elementor-widget-container\">\n\t\t\t\t\t<h2 class=\"elementor-heading-title elementor-size-default\"><div>NanoSentry<\/div>Nuestro sistema de sensores de gas de nueva generaci\u00f3n<\/h2>\t\t\t\t<\/div>\n\t\t\t\t<\/div>\n\t\t\t\t<div class=\"elementor-element elementor-element-ab5a154 elementor-widget elementor-widget-image\" data-id=\"ab5a154\" data-element_type=\"widget\" data-e-type=\"widget\" data-widget_type=\"image.default\">\n\t\t\t\t<div class=\"elementor-widget-container\">\n\t\t\t\t\t\t\t\t\t\t\t\t\t\t\t<img decoding=\"async\" width=\"800\" height=\"342\" src=\"https:\/\/nanochronia.com\/wp-content\/uploads\/2026\/02\/NanoSentry-Attributes-1-1024x438.png\" class=\"attachment-large size-large wp-image-1391\" alt=\"\" srcset=\"https:\/\/nanochronia.com\/wp-content\/uploads\/2026\/02\/NanoSentry-Attributes-1-1024x438.png 1024w, https:\/\/nanochronia.com\/wp-content\/uploads\/2026\/02\/NanoSentry-Attributes-1-300x128.png 300w, https:\/\/nanochronia.com\/wp-content\/uploads\/2026\/02\/NanoSentry-Attributes-1-768x329.png 768w, https:\/\/nanochronia.com\/wp-content\/uploads\/2026\/02\/NanoSentry-Attributes-1-1536x658.png 1536w, https:\/\/nanochronia.com\/wp-content\/uploads\/2026\/02\/NanoSentry-Attributes-1-2048x877.png 2048w\" sizes=\"(max-width: 800px) 100vw, 800px\" \/>\t\t\t\t\t\t\t\t\t\t\t\t\t\t\t<\/div>\n\t\t\t\t<\/div>\n\t\t\t\t<\/div>\n\t\t<div class=\"elementor-element elementor-element-ac0cf30 e-flex e-con-boxed e-con e-parent\" data-id=\"ac0cf30\" data-element_type=\"container\" data-e-type=\"container\">\n\t\t\t\t\t<div class=\"e-con-inner\">\n\t\t\t\t<div class=\"elementor-element elementor-element-0425883 elementor-widget elementor-widget-heading\" data-id=\"0425883\" data-element_type=\"widget\" data-e-type=\"widget\" data-widget_type=\"heading.default\">\n\t\t\t\t<div class=\"elementor-widget-container\">\n\t\t\t\t\t<h2 class=\"elementor-heading-title elementor-size-default\">El panel de control en tiempo real de NanoSentry<\/h2>\t\t\t\t<\/div>\n\t\t\t\t<\/div>\n\t\t\t\t<div class=\"elementor-element elementor-element-f91f187 elementor-widget elementor-widget-image\" data-id=\"f91f187\" data-element_type=\"widget\" data-e-type=\"widget\" data-widget_type=\"image.default\">\n\t\t\t\t<div class=\"elementor-widget-container\">\n\t\t\t\t\t\t\t\t\t\t\t\t\t\t\t<img loading=\"lazy\" decoding=\"async\" width=\"501\" height=\"420\" src=\"https:\/\/nanochronia.com\/wp-content\/uploads\/2026\/02\/Monitor-angled.webp\" class=\"attachment-full size-full wp-image-1948\" alt=\"\" srcset=\"https:\/\/nanochronia.com\/wp-content\/uploads\/2026\/02\/Monitor-angled.webp 501w, https:\/\/nanochronia.com\/wp-content\/uploads\/2026\/02\/Monitor-angled-300x251.webp 300w\" sizes=\"(max-width: 501px) 100vw, 501px\" \/>\t\t\t\t\t\t\t\t\t\t\t\t\t\t\t<\/div>\n\t\t\t\t<\/div>\n\t\t\t\t\t<\/div>\n\t\t\t\t<\/div>\n\t\t<div class=\"elementor-element elementor-element-23eb9a2 e-con-full e-flex e-con e-parent\" data-id=\"23eb9a2\" data-element_type=\"container\" data-e-type=\"container\" data-settings=\"{&quot;background_background&quot;:&quot;classic&quot;}\">\n\t\t<div class=\"elementor-element elementor-element-6b7fc1a e-con-full e-flex e-con e-child\" data-id=\"6b7fc1a\" data-element_type=\"container\" data-e-type=\"container\" data-settings=\"{&quot;background_background&quot;:&quot;classic&quot;}\">\n\t\t\t\t<div class=\"elementor-element elementor-element-b88b11f elementor-widget__width-initial elementor-hidden-tablet elementor-hidden-mobile elementor-widget elementor-widget-video\" data-id=\"b88b11f\" data-element_type=\"widget\" data-e-type=\"widget\" data-settings=\"{&quot;video_type&quot;:&quot;hosted&quot;,&quot;autoplay&quot;:&quot;yes&quot;,&quot;mute&quot;:&quot;yes&quot;,&quot;loop&quot;:&quot;yes&quot;,&quot;controls&quot;:&quot;yes&quot;}\" data-widget_type=\"video.default\">\n\t\t\t\t<div class=\"elementor-widget-container\">\n\t\t\t\t\t\t\t<div class=\"e-hosted-video elementor-wrapper elementor-open-inline\">\n\t\t\t\t\t<video class=\"elementor-video\" src=\"http:\/\/nanochronia.com\/wp-content\/uploads\/2023\/07\/Banner-nanocronia-ordenador-Bien.mp4\" autoplay=\"\" loop=\"\" controls=\"\" muted=\"muted\" controlsList=\"nodownload\"><\/video>\n\t\t\t\t<\/div>\n\t\t\t\t\t\t<\/div>\n\t\t\t\t<\/div>\n\t\t\t\t<div class=\"elementor-element elementor-element-6546f3d elementor-widget__width-initial elementor-hidden-desktop elementor-widget elementor-widget-video\" data-id=\"6546f3d\" data-element_type=\"widget\" data-e-type=\"widget\" data-settings=\"{&quot;video_type&quot;:&quot;hosted&quot;,&quot;autoplay&quot;:&quot;yes&quot;,&quot;play_on_mobile&quot;:&quot;yes&quot;,&quot;mute&quot;:&quot;yes&quot;,&quot;loop&quot;:&quot;yes&quot;,&quot;controls&quot;:&quot;yes&quot;}\" data-widget_type=\"video.default\">\n\t\t\t\t<div class=\"elementor-widget-container\">\n\t\t\t\t\t\t\t<div class=\"e-hosted-video elementor-wrapper elementor-open-inline\">\n\t\t\t\t\t<video class=\"elementor-video\" src=\"http:\/\/nanochronia.com\/wp-content\/uploads\/2023\/07\/Banner-nanocronia-ordenador-Bien.mp4\" autoplay=\"\" loop=\"\" controls=\"\" muted=\"muted\" playsinline=\"\" controlsList=\"nodownload\"><\/video>\n\t\t\t\t<\/div>\n\t\t\t\t\t\t<\/div>\n\t\t\t\t<\/div>\n\t\t\t\t<\/div>\n\t\t\t\t<\/div>\n\t\t<div class=\"elementor-element elementor-element-b3069ef e-con-full servicios e-flex e-con e-parent\" data-id=\"b3069ef\" data-element_type=\"container\" data-e-type=\"container\">\n\t\t\t\t<div class=\"elementor-element elementor-element-ca08a10 elementor-widget elementor-widget-spacer\" data-id=\"ca08a10\" data-element_type=\"widget\" data-e-type=\"widget\" data-widget_type=\"spacer.default\">\n\t\t\t\t<div class=\"elementor-widget-container\">\n\t\t\t\t\t\t\t<div class=\"elementor-spacer\">\n\t\t\t<div class=\"elementor-spacer-inner\"><\/div>\n\t\t<\/div>\n\t\t\t\t\t\t<\/div>\n\t\t\t\t<\/div>\n\t\t\t\t<div class=\"elementor-element elementor-element-2e0890a elementor-widget elementor-widget-heading\" data-id=\"2e0890a\" data-element_type=\"widget\" data-e-type=\"widget\" data-widget_type=\"heading.default\">\n\t\t\t\t<div class=\"elementor-widget-container\">\n\t\t\t\t\t<h2 class=\"elementor-heading-title elementor-size-default\">Propiedad intelectual<\/h2>\t\t\t\t<\/div>\n\t\t\t\t<\/div>\n\t\t\t\t<div class=\"elementor-element elementor-element-c6948d2 elementor-hidden-tablet elementor-hidden-mobile elementor-widget elementor-widget-image\" data-id=\"c6948d2\" data-element_type=\"widget\" data-e-type=\"widget\" data-widget_type=\"image.default\">\n\t\t\t\t<div class=\"elementor-widget-container\">\n\t\t\t\t\t\t\t\t\t\t\t\t\t\t\t<img loading=\"lazy\" decoding=\"async\" width=\"1920\" height=\"219\" src=\"https:\/\/nanochronia.com\/wp-content\/uploads\/2026\/02\/IP-3.webp\" class=\"attachment-full size-full wp-image-1846\" alt=\"\" srcset=\"https:\/\/nanochronia.com\/wp-content\/uploads\/2026\/02\/IP-3.webp 1920w, https:\/\/nanochronia.com\/wp-content\/uploads\/2026\/02\/IP-3-300x34.webp 300w, https:\/\/nanochronia.com\/wp-content\/uploads\/2026\/02\/IP-3-1024x117.webp 1024w, https:\/\/nanochronia.com\/wp-content\/uploads\/2026\/02\/IP-3-768x88.png 768w, https:\/\/nanochronia.com\/wp-content\/uploads\/2026\/02\/IP-3-1536x175.png 1536w\" sizes=\"(max-width: 1920px) 100vw, 1920px\" \/>\t\t\t\t\t\t\t\t\t\t\t\t\t\t\t<\/div>\n\t\t\t\t<\/div>\n\t\t\t\t<div class=\"elementor-element elementor-element-0254eed elementor-hidden-desktop elementor-widget elementor-widget-image\" data-id=\"0254eed\" data-element_type=\"widget\" data-e-type=\"widget\" data-widget_type=\"image.default\">\n\t\t\t\t<div class=\"elementor-widget-container\">\n\t\t\t\t\t\t\t\t\t\t\t\t\t\t\t<img loading=\"lazy\" decoding=\"async\" width=\"476\" height=\"1024\" src=\"https:\/\/nanochronia.com\/wp-content\/uploads\/2023\/06\/Group-2713-476x1024.png\" class=\"attachment-large size-large wp-image-538\" alt=\"\" srcset=\"https:\/\/nanochronia.com\/wp-content\/uploads\/2023\/06\/Group-2713-476x1024.png 476w, https:\/\/nanochronia.com\/wp-content\/uploads\/2023\/06\/Group-2713-140x300.png 140w, https:\/\/nanochronia.com\/wp-content\/uploads\/2023\/06\/Group-2713-768x1651.png 768w, https:\/\/nanochronia.com\/wp-content\/uploads\/2023\/06\/Group-2713-715x1536.png 715w, https:\/\/nanochronia.com\/wp-content\/uploads\/2023\/06\/Group-2713.png 855w\" sizes=\"(max-width: 476px) 100vw, 476px\" \/>\t\t\t\t\t\t\t\t\t\t\t\t\t\t\t<\/div>\n\t\t\t\t<\/div>\n\t\t\t\t<\/div>\n\t\t\t\t<\/div>\n\t\t","protected":false},"excerpt":{"rendered":"<p>Nuestra tecnolog\u00eda La evoluci\u00f3n de los sensores de gas&#8230; &#8230;hacia la miniaturizaci\u00f3n, la especificidad, la sensibilidad y un menor consumo de energ\u00eda NanoSentryNuestro sistema de sensores de gas de nueva generaci\u00f3n El panel de control en tiempo real de NanoSentry http:\/\/nanochronia.com\/wp-content\/uploads\/2023\/07\/Banner-nanocronia-ordenador-Bien.mp4http:\/\/nanochronia.com\/wp-content\/uploads\/2023\/07\/Banner-nanocronia-ordenador-Bien.mp4 Propiedad intelectual<\/p>\n","protected":false},"author":2,"featured_media":0,"parent":0,"menu_order":20,"comment_status":"closed","ping_status":"closed","template":"elementor_theme","meta":{"footnotes":""},"class_list":["post-574","page","type-page","status-publish","hentry"],"yoast_head":"<!-- This site is optimized with the Yoast SEO plugin v27.5 - https:\/\/yoast.com\/product\/yoast-seo-wordpress\/ -->\n<title>Nuestra tecnolog\u00eda - Nanochronia<\/title>\n<meta name=\"description\" content=\"M\u00e1s informaci\u00f3n sobre nuestra tecnolog\u00eda y m\u00e9todo de trabajo. En Nanochronia nos preocupamos por los gases peligrosos que afectan al cambio clim\u00e1tico.\" \/>\n<meta name=\"robots\" content=\"index, follow, max-snippet:-1, max-image-preview:large, max-video-preview:-1\" \/>\n<link rel=\"canonical\" href=\"https:\/\/nanochronia.com\/es\/nuestra-tecnologia\/\" \/>\n<meta property=\"og:locale\" content=\"es_ES\" \/>\n<meta property=\"og:type\" content=\"article\" \/>\n<meta property=\"og:title\" content=\"Nuestra tecnolog\u00eda - Nanochronia\" \/>\n<meta property=\"og:description\" content=\"M\u00e1s informaci\u00f3n sobre nuestra tecnolog\u00eda y m\u00e9todo de trabajo. En Nanochronia nos preocupamos por los gases peligrosos que afectan al cambio clim\u00e1tico.\" \/>\n<meta property=\"og:url\" content=\"https:\/\/nanochronia.com\/es\/nuestra-tecnologia\/\" \/>\n<meta property=\"og:site_name\" content=\"Nanochronia\" \/>\n<meta property=\"article:modified_time\" content=\"2026-02-23T09:39:20+00:00\" \/>\n<meta property=\"og:image\" content=\"https:\/\/nanochronia.com\/wp-content\/uploads\/2023\/06\/Group-2717.png\" \/>\n\t<meta property=\"og:image:width\" content=\"2438\" \/>\n\t<meta property=\"og:image:height\" content=\"585\" \/>\n\t<meta property=\"og:image:type\" content=\"image\/png\" \/>\n<meta name=\"twitter:card\" content=\"summary_large_image\" \/>\n<meta name=\"twitter:label1\" content=\"Tiempo de lectura\" \/>\n\t<meta name=\"twitter:data1\" content=\"2 minutos\" \/>\n<script type=\"application\/ld+json\" class=\"yoast-schema-graph\">{\"@context\":\"https:\\\/\\\/schema.org\",\"@graph\":[{\"@type\":\"WebPage\",\"@id\":\"https:\\\/\\\/nanochronia.com\\\/es\\\/nuestra-tecnologia\\\/\",\"url\":\"https:\\\/\\\/nanochronia.com\\\/es\\\/nuestra-tecnologia\\\/\",\"name\":\"Nuestra tecnolog\u00eda - Nanochronia\",\"isPartOf\":{\"@id\":\"https:\\\/\\\/nanochronia.com\\\/es\\\/#website\"},\"primaryImageOfPage\":{\"@id\":\"https:\\\/\\\/nanochronia.com\\\/es\\\/nuestra-tecnologia\\\/#primaryimage\"},\"image\":{\"@id\":\"https:\\\/\\\/nanochronia.com\\\/es\\\/nuestra-tecnologia\\\/#primaryimage\"},\"thumbnailUrl\":\"https:\\\/\\\/nanochronia.com\\\/wp-content\\\/uploads\\\/2023\\\/06\\\/Group-2717.png\",\"datePublished\":\"2023-06-16T11:35:20+00:00\",\"dateModified\":\"2026-02-23T09:39:20+00:00\",\"description\":\"M\u00e1s informaci\u00f3n sobre nuestra tecnolog\u00eda y m\u00e9todo de trabajo. En Nanochronia nos preocupamos por los gases peligrosos que afectan al cambio clim\u00e1tico.\",\"breadcrumb\":{\"@id\":\"https:\\\/\\\/nanochronia.com\\\/es\\\/nuestra-tecnologia\\\/#breadcrumb\"},\"inLanguage\":\"es\",\"potentialAction\":[{\"@type\":\"ReadAction\",\"target\":[\"https:\\\/\\\/nanochronia.com\\\/es\\\/nuestra-tecnologia\\\/\"]}]},{\"@type\":\"ImageObject\",\"inLanguage\":\"es\",\"@id\":\"https:\\\/\\\/nanochronia.com\\\/es\\\/nuestra-tecnologia\\\/#primaryimage\",\"url\":\"https:\\\/\\\/nanochronia.com\\\/wp-content\\\/uploads\\\/2023\\\/06\\\/Group-2717.png\",\"contentUrl\":\"https:\\\/\\\/nanochronia.com\\\/wp-content\\\/uploads\\\/2023\\\/06\\\/Group-2717.png\"},{\"@type\":\"BreadcrumbList\",\"@id\":\"https:\\\/\\\/nanochronia.com\\\/es\\\/nuestra-tecnologia\\\/#breadcrumb\",\"itemListElement\":[{\"@type\":\"ListItem\",\"position\":1,\"name\":\"Home\",\"item\":\"https:\\\/\\\/nanochronia.com\\\/es\\\/\"},{\"@type\":\"ListItem\",\"position\":2,\"name\":\"Nuestra tecnolog\u00eda\"}]},{\"@type\":\"WebSite\",\"@id\":\"https:\\\/\\\/nanochronia.com\\\/es\\\/#website\",\"url\":\"https:\\\/\\\/nanochronia.com\\\/es\\\/\",\"name\":\"Nanochronia\",\"description\":\"Holding Gases Accountable\",\"publisher\":{\"@id\":\"https:\\\/\\\/nanochronia.com\\\/es\\\/#organization\"},\"potentialAction\":[{\"@type\":\"SearchAction\",\"target\":{\"@type\":\"EntryPoint\",\"urlTemplate\":\"https:\\\/\\\/nanochronia.com\\\/es\\\/?s={search_term_string}\"},\"query-input\":{\"@type\":\"PropertyValueSpecification\",\"valueRequired\":true,\"valueName\":\"search_term_string\"}}],\"inLanguage\":\"es\"},{\"@type\":\"Organization\",\"@id\":\"https:\\\/\\\/nanochronia.com\\\/es\\\/#organization\",\"name\":\"Nanochronia\",\"url\":\"https:\\\/\\\/nanochronia.com\\\/es\\\/\",\"logo\":{\"@type\":\"ImageObject\",\"inLanguage\":\"es\",\"@id\":\"https:\\\/\\\/nanochronia.com\\\/es\\\/#\\\/schema\\\/logo\\\/image\\\/\",\"url\":\"https:\\\/\\\/nanochronia.com\\\/wp-content\\\/uploads\\\/2026\\\/02\\\/Inverted2.webp\",\"contentUrl\":\"https:\\\/\\\/nanochronia.com\\\/wp-content\\\/uploads\\\/2026\\\/02\\\/Inverted2.webp\",\"width\":229,\"height\":60,\"caption\":\"Nanochronia\"},\"image\":{\"@id\":\"https:\\\/\\\/nanochronia.com\\\/es\\\/#\\\/schema\\\/logo\\\/image\\\/\"},\"sameAs\":[\"https:\\\/\\\/www.linkedin.com\\\/company\\\/nanochronia\\\/\"]}]}<\/script>\n<!-- \/ Yoast SEO plugin. -->","yoast_head_json":{"title":"Nuestra tecnolog\u00eda - Nanochronia","description":"M\u00e1s informaci\u00f3n sobre nuestra tecnolog\u00eda y m\u00e9todo de trabajo. En Nanochronia nos preocupamos por los gases peligrosos que afectan al cambio clim\u00e1tico.","robots":{"index":"index","follow":"follow","max-snippet":"max-snippet:-1","max-image-preview":"max-image-preview:large","max-video-preview":"max-video-preview:-1"},"canonical":"https:\/\/nanochronia.com\/es\/nuestra-tecnologia\/","og_locale":"es_ES","og_type":"article","og_title":"Nuestra tecnolog\u00eda - Nanochronia","og_description":"M\u00e1s informaci\u00f3n sobre nuestra tecnolog\u00eda y m\u00e9todo de trabajo. En Nanochronia nos preocupamos por los gases peligrosos que afectan al cambio clim\u00e1tico.","og_url":"https:\/\/nanochronia.com\/es\/nuestra-tecnologia\/","og_site_name":"Nanochronia","article_modified_time":"2026-02-23T09:39:20+00:00","og_image":[{"width":2438,"height":585,"url":"https:\/\/nanochronia.com\/wp-content\/uploads\/2023\/06\/Group-2717.png","type":"image\/png"}],"twitter_card":"summary_large_image","twitter_misc":{"Tiempo de lectura":"2 minutos"},"schema":{"@context":"https:\/\/schema.org","@graph":[{"@type":"WebPage","@id":"https:\/\/nanochronia.com\/es\/nuestra-tecnologia\/","url":"https:\/\/nanochronia.com\/es\/nuestra-tecnologia\/","name":"Nuestra tecnolog\u00eda - Nanochronia","isPartOf":{"@id":"https:\/\/nanochronia.com\/es\/#website"},"primaryImageOfPage":{"@id":"https:\/\/nanochronia.com\/es\/nuestra-tecnologia\/#primaryimage"},"image":{"@id":"https:\/\/nanochronia.com\/es\/nuestra-tecnologia\/#primaryimage"},"thumbnailUrl":"https:\/\/nanochronia.com\/wp-content\/uploads\/2023\/06\/Group-2717.png","datePublished":"2023-06-16T11:35:20+00:00","dateModified":"2026-02-23T09:39:20+00:00","description":"M\u00e1s informaci\u00f3n sobre nuestra tecnolog\u00eda y m\u00e9todo de trabajo. En Nanochronia nos preocupamos por los gases peligrosos que afectan al cambio clim\u00e1tico.","breadcrumb":{"@id":"https:\/\/nanochronia.com\/es\/nuestra-tecnologia\/#breadcrumb"},"inLanguage":"es","potentialAction":[{"@type":"ReadAction","target":["https:\/\/nanochronia.com\/es\/nuestra-tecnologia\/"]}]},{"@type":"ImageObject","inLanguage":"es","@id":"https:\/\/nanochronia.com\/es\/nuestra-tecnologia\/#primaryimage","url":"https:\/\/nanochronia.com\/wp-content\/uploads\/2023\/06\/Group-2717.png","contentUrl":"https:\/\/nanochronia.com\/wp-content\/uploads\/2023\/06\/Group-2717.png"},{"@type":"BreadcrumbList","@id":"https:\/\/nanochronia.com\/es\/nuestra-tecnologia\/#breadcrumb","itemListElement":[{"@type":"ListItem","position":1,"name":"Home","item":"https:\/\/nanochronia.com\/es\/"},{"@type":"ListItem","position":2,"name":"Nuestra tecnolog\u00eda"}]},{"@type":"WebSite","@id":"https:\/\/nanochronia.com\/es\/#website","url":"https:\/\/nanochronia.com\/es\/","name":"Nanochronia","description":"Holding Gases Accountable","publisher":{"@id":"https:\/\/nanochronia.com\/es\/#organization"},"potentialAction":[{"@type":"SearchAction","target":{"@type":"EntryPoint","urlTemplate":"https:\/\/nanochronia.com\/es\/?s={search_term_string}"},"query-input":{"@type":"PropertyValueSpecification","valueRequired":true,"valueName":"search_term_string"}}],"inLanguage":"es"},{"@type":"Organization","@id":"https:\/\/nanochronia.com\/es\/#organization","name":"Nanochronia","url":"https:\/\/nanochronia.com\/es\/","logo":{"@type":"ImageObject","inLanguage":"es","@id":"https:\/\/nanochronia.com\/es\/#\/schema\/logo\/image\/","url":"https:\/\/nanochronia.com\/wp-content\/uploads\/2026\/02\/Inverted2.webp","contentUrl":"https:\/\/nanochronia.com\/wp-content\/uploads\/2026\/02\/Inverted2.webp","width":229,"height":60,"caption":"Nanochronia"},"image":{"@id":"https:\/\/nanochronia.com\/es\/#\/schema\/logo\/image\/"},"sameAs":["https:\/\/www.linkedin.com\/company\/nanochronia\/"]}]}},"_links":{"self":[{"href":"https:\/\/nanochronia.com\/es\/wp-json\/wp\/v2\/pages\/574","targetHints":{"allow":["GET"]}}],"collection":[{"href":"https:\/\/nanochronia.com\/es\/wp-json\/wp\/v2\/pages"}],"about":[{"href":"https:\/\/nanochronia.com\/es\/wp-json\/wp\/v2\/types\/page"}],"author":[{"embeddable":true,"href":"https:\/\/nanochronia.com\/es\/wp-json\/wp\/v2\/users\/2"}],"replies":[{"embeddable":true,"href":"https:\/\/nanochronia.com\/es\/wp-json\/wp\/v2\/comments?post=574"}],"version-history":[{"count":37,"href":"https:\/\/nanochronia.com\/es\/wp-json\/wp\/v2\/pages\/574\/revisions"}],"predecessor-version":[{"id":2037,"href":"https:\/\/nanochronia.com\/es\/wp-json\/wp\/v2\/pages\/574\/revisions\/2037"}],"wp:attachment":[{"href":"https:\/\/nanochronia.com\/es\/wp-json\/wp\/v2\/media?parent=574"}],"curies":[{"name":"wp","href":"https:\/\/api.w.org\/{rel}","templated":true}]}}