{"id":565,"date":"2023-07-06T10:21:17","date_gmt":"2023-07-06T10:21:17","guid":{"rendered":"http:\/\/nanochronia.com\/privacy-policy\/"},"modified":"2026-02-06T16:01:25","modified_gmt":"2026-02-06T16:01:25","slug":"privacy-policy","status":"publish","type":"page","link":"https:\/\/nanochronia.com\/es\/privacy-policy\/","title":{"rendered":"Pol\u00edtica de privacidad"},"content":{"rendered":"\t\t<div data-elementor-type=\"wp-page\" data-elementor-id=\"565\" class=\"elementor elementor-565 elementor-356\" data-elementor-post-type=\"page\">\n\t\t\t\t<div class=\"elementor-element elementor-element-318711ca e-flex e-con-boxed e-con e-parent\" data-id=\"318711ca\" data-element_type=\"container\" data-e-type=\"container\">\n\t\t\t\t\t<div class=\"e-con-inner\">\n\t\t\t\t<div class=\"elementor-element elementor-element-30f983cb elementor-widget elementor-widget-text-editor\" data-id=\"30f983cb\" data-element_type=\"widget\" data-e-type=\"widget\" data-widget_type=\"text-editor.default\">\n\t\t\t\t<div class=\"elementor-widget-container\">\n\t\t\t\t\t\t\t\t\t\n<p>La confidencialidad y la seguridad son valores fundamentales de NanoChronia (NIF B44718096) y, en consecuencia, nos comprometemos a garantizar la privacidad de los usuarios en todo momento y a no recopilar informaci\u00f3n innecesaria. A continuaci\u00f3n te explicamos toda la informaci\u00f3n necesaria sobre nuestra Pol\u00edtica de Privacidad en relaci\u00f3n con los datos personales que recogemos: <\/p>\n\n<ul>\n<li>\u00bfQui\u00e9n es el propietario de este sitio web y qui\u00e9n es el responsable del tratamiento de tus datos?<\/li>\n\n<li>\u00bfCon qu\u00e9 finalidad recogemos los datos que solicitamos?<\/li>\n\n<li>\u00bfCu\u00e1l es la legitimidad de su tratamiento?<\/li>\n\n<li>\u00bfCu\u00e1nto tiempo lo conservamos?<\/li>\n\n<li>\u00bfA qu\u00e9 destinatarios se comunican tus datos?<\/li>\n\n<li>\u00bfCu\u00e1les son tus derechos?<\/li>\n<\/ul>\n\n<p><strong>Finalidad, legitimaci\u00f3n y conservaci\u00f3n del tratamiento de los datos enviados a trav\u00e9s del env\u00edo de correos electr\u00f3nicos:<\/strong><\/p>\n\n<p><strong>Finalidad<\/strong>: Responder a tus solicitudes de informaci\u00f3n, atender tus peticiones y responder a tus consultas o dudas.<br><strong>Legitimaci\u00f3n<\/strong>: Tu consentimiento al solicitar informaci\u00f3n a trav\u00e9s de la direcci\u00f3n de correo electr\u00f3nico.<br><strong>Conservaci\u00f3n<\/strong>: Una vez contestada tu solicitud por correo electr\u00f3nico, tus datos se conservar\u00e1n durante 12 meses si no has generado un nuevo tratamiento.<\/p>\n\n<p><strong>Obligaci\u00f3n de facilitarnos tus datos personales y consecuencias de no hacerlo.<\/strong><\/p>\n\n<p>El suministro de datos personales requiere una edad m\u00ednima de 14 a\u00f1os o, en su caso, tener capacidad legal suficiente para contratar.<\/p>\n\n<p>Los datos personales solicitados son necesarios para gestionar tus solicitudes y\/o prestarte los servicios que puedas contratar, por lo que si no nos los facilitas, no podremos atenderte correctamente ni prestarte el servicio que nos hayas solicitado.<\/p>\n\n<p><strong>Destinatarios de tus datos.<\/strong><\/p>\n\n<p>Tus datos son confidenciales, se utilizar\u00e1n exclusivamente a nivel interno para los fines indicados y no se ceder\u00e1n a terceros, salvo en cumplimiento de obligaciones legales.<\/p>\n\n<p><strong>Derechos en relaci\u00f3n con tus datos personales.<\/strong><\/p>\n\n<p>Puedes retirar su consentimiento en cualquier momento cuando \u00e9ste haya sido otorgado para el tratamiento de tus datos. En ning\u00fan caso la retirada de este consentimiento condiciona la ejecuci\u00f3n del contrato de suscripci\u00f3n o las relaciones generadas con anterioridad. <\/p>\n\n<p><strong>Asimismo, puedes ejercer los siguientes derechos:<\/strong><\/p>\n\n<ul>\n<li>Solicitar el acceso a tus datos personales o su rectificaci\u00f3n cuando sean inexactos.<\/li>\n\n<li>Solicitar su supresi\u00f3n cuando, entre otros motivos, los datos ya no sean necesarios para los fines para los que fueron recogidos.<\/li>\n\n<li>Solicitar la limitaci\u00f3n de tu tratamiento en determinadas circunstancias.<\/li>\n\n<li>Solicitar la oposici\u00f3n al tratamiento de tus datos por motivos relacionados con tu situaci\u00f3n particular.<\/li>\n\n<li>Solicitar la portabilidad de los datos en los supuestos previstos en la normativa.<\/li>\n\n<li>Otros derechos reconocidos en la normativa aplicable.<\/li>\n<\/ul>\n\n<p><strong>D\u00f3nde y c\u00f3mo ejercer tus derechos:<\/strong> Comunic\u00e1ndote con el Delegado de Protecci\u00f3n de Datos en <a href=\"mailto:gdpr@nanochronia.com\">gdpr@nanochronia.com<\/a> especificando el derecho a ejercer y respecto a qu\u00e9 datos personales.<\/p>\n\t\t\t\t\t\t\t\t<\/div>\n\t\t\t\t<\/div>\n\t\t\t\t\t<\/div>\n\t\t\t\t<\/div>\n\t\t\t\t<\/div>\n\t\t","protected":false},"excerpt":{"rendered":"<p>La confidencialidad y la seguridad son valores fundamentales de NanoChronia (NIF B44718096) y, en consecuencia, nos comprometemos a garantizar la privacidad de los usuarios en todo momento y a no recopilar informaci\u00f3n innecesaria. A continuaci\u00f3n te explicamos toda la informaci\u00f3n necesaria sobre nuestra Pol\u00edtica de Privacidad en relaci\u00f3n con los datos personales que recogemos: \u00bfQui\u00e9n [&hellip;]<\/p>\n","protected":false},"author":2,"featured_media":0,"parent":0,"menu_order":999,"comment_status":"closed","ping_status":"closed","template":"","meta":{"footnotes":""},"class_list":["post-565","page","type-page","status-publish","hentry"],"yoast_head":"<!-- This site is optimized with the Yoast SEO plugin v27.5 - https:\/\/yoast.com\/product\/yoast-seo-wordpress\/ -->\n<title>Pol\u00edtica de privacidad - Nanochronia<\/title>\n<meta name=\"robots\" content=\"noindex, nofollow\" \/>\n<meta property=\"og:locale\" content=\"es_ES\" \/>\n<meta property=\"og:type\" content=\"article\" \/>\n<meta property=\"og:title\" content=\"Pol\u00edtica de privacidad - Nanochronia\" \/>\n<meta property=\"og:description\" content=\"La confidencialidad y la seguridad son valores fundamentales de NanoChronia (NIF B44718096) y, en consecuencia, nos comprometemos a garantizar la privacidad de los usuarios en todo momento y a no recopilar informaci\u00f3n innecesaria. A continuaci\u00f3n te explicamos toda la informaci\u00f3n necesaria sobre nuestra Pol\u00edtica de Privacidad en relaci\u00f3n con los datos personales que recogemos: \u00bfQui\u00e9n [&hellip;]\" \/>\n<meta property=\"og:url\" content=\"https:\/\/nanochronia.com\/es\/privacy-policy\/\" \/>\n<meta property=\"og:site_name\" content=\"Nanochronia\" \/>\n<meta property=\"article:modified_time\" content=\"2026-02-06T16:01:25+00:00\" \/>\n<meta property=\"og:image\" content=\"https:\/\/nanochronia.com\/wp-content\/uploads\/2026\/02\/NanoSentry-with-screen2.webp\" \/>\n\t<meta property=\"og:image:width\" content=\"800\" \/>\n\t<meta property=\"og:image:height\" content=\"536\" \/>\n\t<meta property=\"og:image:type\" content=\"image\/webp\" \/>\n<meta name=\"twitter:card\" content=\"summary_large_image\" \/>\n<meta name=\"twitter:label1\" content=\"Tiempo de lectura\" \/>\n\t<meta name=\"twitter:data1\" content=\"2 minutos\" \/>\n<script type=\"application\/ld+json\" class=\"yoast-schema-graph\">{\"@context\":\"https:\\\/\\\/schema.org\",\"@graph\":[{\"@type\":\"WebPage\",\"@id\":\"https:\\\/\\\/nanochronia.com\\\/es\\\/privacy-policy\\\/\",\"url\":\"https:\\\/\\\/nanochronia.com\\\/es\\\/privacy-policy\\\/\",\"name\":\"Pol\u00edtica de privacidad - Nanochronia\",\"isPartOf\":{\"@id\":\"https:\\\/\\\/nanochronia.com\\\/es\\\/#website\"},\"datePublished\":\"2023-07-06T10:21:17+00:00\",\"dateModified\":\"2026-02-06T16:01:25+00:00\",\"breadcrumb\":{\"@id\":\"https:\\\/\\\/nanochronia.com\\\/es\\\/privacy-policy\\\/#breadcrumb\"},\"inLanguage\":\"es\",\"potentialAction\":[{\"@type\":\"ReadAction\",\"target\":[\"https:\\\/\\\/nanochronia.com\\\/es\\\/privacy-policy\\\/\"]}]},{\"@type\":\"BreadcrumbList\",\"@id\":\"https:\\\/\\\/nanochronia.com\\\/es\\\/privacy-policy\\\/#breadcrumb\",\"itemListElement\":[{\"@type\":\"ListItem\",\"position\":1,\"name\":\"Home\",\"item\":\"https:\\\/\\\/nanochronia.com\\\/es\\\/\"},{\"@type\":\"ListItem\",\"position\":2,\"name\":\"Pol\u00edtica de privacidad\"}]},{\"@type\":\"WebSite\",\"@id\":\"https:\\\/\\\/nanochronia.com\\\/es\\\/#website\",\"url\":\"https:\\\/\\\/nanochronia.com\\\/es\\\/\",\"name\":\"Nanochronia\",\"description\":\"Holding Gases Accountable\",\"publisher\":{\"@id\":\"https:\\\/\\\/nanochronia.com\\\/es\\\/#organization\"},\"potentialAction\":[{\"@type\":\"SearchAction\",\"target\":{\"@type\":\"EntryPoint\",\"urlTemplate\":\"https:\\\/\\\/nanochronia.com\\\/es\\\/?s={search_term_string}\"},\"query-input\":{\"@type\":\"PropertyValueSpecification\",\"valueRequired\":true,\"valueName\":\"search_term_string\"}}],\"inLanguage\":\"es\"},{\"@type\":\"Organization\",\"@id\":\"https:\\\/\\\/nanochronia.com\\\/es\\\/#organization\",\"name\":\"Nanochronia\",\"url\":\"https:\\\/\\\/nanochronia.com\\\/es\\\/\",\"logo\":{\"@type\":\"ImageObject\",\"inLanguage\":\"es\",\"@id\":\"https:\\\/\\\/nanochronia.com\\\/es\\\/#\\\/schema\\\/logo\\\/image\\\/\",\"url\":\"https:\\\/\\\/nanochronia.com\\\/wp-content\\\/uploads\\\/2026\\\/02\\\/Inverted2.webp\",\"contentUrl\":\"https:\\\/\\\/nanochronia.com\\\/wp-content\\\/uploads\\\/2026\\\/02\\\/Inverted2.webp\",\"width\":229,\"height\":60,\"caption\":\"Nanochronia\"},\"image\":{\"@id\":\"https:\\\/\\\/nanochronia.com\\\/es\\\/#\\\/schema\\\/logo\\\/image\\\/\"},\"sameAs\":[\"https:\\\/\\\/www.linkedin.com\\\/company\\\/nanochronia\\\/\"]}]}<\/script>\n<!-- \/ Yoast SEO plugin. -->","yoast_head_json":{"title":"Pol\u00edtica de privacidad - Nanochronia","robots":{"index":"noindex","follow":"nofollow"},"og_locale":"es_ES","og_type":"article","og_title":"Pol\u00edtica de privacidad - Nanochronia","og_description":"La confidencialidad y la seguridad son valores fundamentales de NanoChronia (NIF B44718096) y, en consecuencia, nos comprometemos a garantizar la privacidad de los usuarios en todo momento y a no recopilar informaci\u00f3n innecesaria. A continuaci\u00f3n te explicamos toda la informaci\u00f3n necesaria sobre nuestra Pol\u00edtica de Privacidad en relaci\u00f3n con los datos personales que recogemos: \u00bfQui\u00e9n [&hellip;]","og_url":"https:\/\/nanochronia.com\/es\/privacy-policy\/","og_site_name":"Nanochronia","article_modified_time":"2026-02-06T16:01:25+00:00","og_image":[{"width":800,"height":536,"url":"https:\/\/nanochronia.com\/wp-content\/uploads\/2026\/02\/NanoSentry-with-screen2.webp","type":"image\/webp"}],"twitter_card":"summary_large_image","twitter_misc":{"Tiempo de lectura":"2 minutos"},"schema":{"@context":"https:\/\/schema.org","@graph":[{"@type":"WebPage","@id":"https:\/\/nanochronia.com\/es\/privacy-policy\/","url":"https:\/\/nanochronia.com\/es\/privacy-policy\/","name":"Pol\u00edtica de privacidad - Nanochronia","isPartOf":{"@id":"https:\/\/nanochronia.com\/es\/#website"},"datePublished":"2023-07-06T10:21:17+00:00","dateModified":"2026-02-06T16:01:25+00:00","breadcrumb":{"@id":"https:\/\/nanochronia.com\/es\/privacy-policy\/#breadcrumb"},"inLanguage":"es","potentialAction":[{"@type":"ReadAction","target":["https:\/\/nanochronia.com\/es\/privacy-policy\/"]}]},{"@type":"BreadcrumbList","@id":"https:\/\/nanochronia.com\/es\/privacy-policy\/#breadcrumb","itemListElement":[{"@type":"ListItem","position":1,"name":"Home","item":"https:\/\/nanochronia.com\/es\/"},{"@type":"ListItem","position":2,"name":"Pol\u00edtica de privacidad"}]},{"@type":"WebSite","@id":"https:\/\/nanochronia.com\/es\/#website","url":"https:\/\/nanochronia.com\/es\/","name":"Nanochronia","description":"Holding Gases Accountable","publisher":{"@id":"https:\/\/nanochronia.com\/es\/#organization"},"potentialAction":[{"@type":"SearchAction","target":{"@type":"EntryPoint","urlTemplate":"https:\/\/nanochronia.com\/es\/?s={search_term_string}"},"query-input":{"@type":"PropertyValueSpecification","valueRequired":true,"valueName":"search_term_string"}}],"inLanguage":"es"},{"@type":"Organization","@id":"https:\/\/nanochronia.com\/es\/#organization","name":"Nanochronia","url":"https:\/\/nanochronia.com\/es\/","logo":{"@type":"ImageObject","inLanguage":"es","@id":"https:\/\/nanochronia.com\/es\/#\/schema\/logo\/image\/","url":"https:\/\/nanochronia.com\/wp-content\/uploads\/2026\/02\/Inverted2.webp","contentUrl":"https:\/\/nanochronia.com\/wp-content\/uploads\/2026\/02\/Inverted2.webp","width":229,"height":60,"caption":"Nanochronia"},"image":{"@id":"https:\/\/nanochronia.com\/es\/#\/schema\/logo\/image\/"},"sameAs":["https:\/\/www.linkedin.com\/company\/nanochronia\/"]}]}},"_links":{"self":[{"href":"https:\/\/nanochronia.com\/es\/wp-json\/wp\/v2\/pages\/565","targetHints":{"allow":["GET"]}}],"collection":[{"href":"https:\/\/nanochronia.com\/es\/wp-json\/wp\/v2\/pages"}],"about":[{"href":"https:\/\/nanochronia.com\/es\/wp-json\/wp\/v2\/types\/page"}],"author":[{"embeddable":true,"href":"https:\/\/nanochronia.com\/es\/wp-json\/wp\/v2\/users\/2"}],"replies":[{"embeddable":true,"href":"https:\/\/nanochronia.com\/es\/wp-json\/wp\/v2\/comments?post=565"}],"version-history":[{"count":3,"href":"https:\/\/nanochronia.com\/es\/wp-json\/wp\/v2\/pages\/565\/revisions"}],"predecessor-version":[{"id":1594,"href":"https:\/\/nanochronia.com\/es\/wp-json\/wp\/v2\/pages\/565\/revisions\/1594"}],"wp:attachment":[{"href":"https:\/\/nanochronia.com\/es\/wp-json\/wp\/v2\/media?parent=565"}],"curies":[{"name":"wp","href":"https:\/\/api.w.org\/{rel}","templated":true}]}}