{"id":561,"date":"2023-07-06T10:23:16","date_gmt":"2023-07-06T10:23:16","guid":{"rendered":"http:\/\/nanochronia.com\/cookies-policy\/"},"modified":"2026-02-06T16:08:41","modified_gmt":"2026-02-06T16:08:41","slug":"cookies-policy","status":"publish","type":"page","link":"https:\/\/nanochronia.com\/es\/cookies-policy\/","title":{"rendered":"Pol\u00edtica de cookies"},"content":{"rendered":"\n<p>Este sitio web utiliza cookies t\u00e9cnicas, tanto propias como de terceros, que tratan datos de conexi\u00f3n y\/o del dispositivo, as\u00ed como h\u00e1bitos de navegaci\u00f3n con fines estad\u00edsticos.<\/p>\n\n<p>Para m\u00e1s informaci\u00f3n puedes consultar nuestra Pol\u00edtica de Cookies.<\/p>\n\n<p><strong>Seguridad de tus datos personales.<\/strong><\/p>\n\n<p>Para salvaguardar la seguridad de tus datos personales, te informamos de que hemos adoptado todas las medidas de \u00edndole t\u00e9cnica y organizativa necesarias para garantizar la seguridad de los datos personales suministrados contra su alteraci\u00f3n, p\u00e9rdida, tratamiento o acceso no autorizado.<\/p>\n\n<p><strong>Actualizar tus datos.<\/strong><\/p>\n\n<p>Para que podamos mantener tus datos personales actualizados, es importante que nos informes siempre que haya habido alguna modificaci\u00f3n en ellos, en caso contrario, no respondemos de la veracidad de los mismos.<\/p>\n\n<p>La presente Pol\u00edtica de Privacidad podr\u00e1 ser modificada para adaptarla a los cambios que se produzcan en nuestra web, as\u00ed como modificaciones legislativas o jurisprudenciales sobre los datos personales que en ella aparecen, por lo que exige su lectura, cada vez que nos facilites tus datos a trav\u00e9s de esta web.<\/p>\n\n<p><strong>Pol\u00edtica de cookies<\/strong><\/p>\n\n<p><strong>\u00bfQu\u00e9 son las cookies?<\/strong><\/p>\n\n<p>Las cookies son peque\u00f1os archivos de datos que se reciben en tu dispositivo desde el sitio web visitado y se utilizan para registrar ciertas interacciones de navegaci\u00f3n en un sitio web, almacenando datos que pueden ser actualizados y recuperados. Estos archivos se almacenan en el ordenador del usuario y contienen datos an\u00f3nimos que no son perjudiciales para tu ordenador. Se utilizan para recordar las preferencias del usuario, como los datos de acceso o la personalizaci\u00f3n de la p\u00e1gina.<\/p>\n\n<p>Las cookies tambi\u00e9n pueden utilizarse para registrar informaci\u00f3n an\u00f3nima sobre c\u00f3mo un visitante utiliza un sitio. Por ejemplo, de qu\u00e9 p\u00e1gina web has venido, o si has utilizado un anuncio publicitario para llegar hasta all\u00ed.<\/p>\n\n<p><strong>\u00bfPor qu\u00e9 utilizamos cookies?<\/strong><\/p>\n\n<p>NanoChronia utiliza cookies t\u00e9cnicas de personalizaci\u00f3n de terceros, que tratan datos de conexi\u00f3n y\/o del dispositivo, as\u00ed como h\u00e1bitos de navegaci\u00f3n con fines estad\u00edsticos.<\/p>\n\n<p>El suministro de datos personales a trav\u00e9s de nuestro sitio web y el consentimiento para el uso de cookies requiere una edad m\u00ednima de 14 a\u00f1os y la aceptaci\u00f3n expresa de nuestra Pol\u00edtica de Privacidad.<\/p>\n\n<p>Nuestro sitio web puede tener enlaces de redes sociales (como LinkedIn). NanoChronia no controla las cookies utilizadas por estos sitios web externos. Para m\u00e1s informaci\u00f3n sobre las cookies de las redes sociales u otros sitios web externos, te recomendamos que revises sus propias pol\u00edticas de cookies.<\/p>\n\n<p><strong>\u00bfPara qu\u00e9 utilizamos los distintos tipos de cookies?<\/strong><\/p>\n\n<p><strong>Por finalidad:<\/strong><\/p>\n\n<p>Cookies t\u00e9cnicas<\/p>\n\n<p>Las cookies t\u00e9cnicas son aquellas que facilitan la navegaci\u00f3n del usuario y la utilizaci\u00f3n de las diferentes opciones o servicios que ofrece la web, como identificar la sesi\u00f3n, permitir el acceso a determinadas \u00e1reas, facilitar pedidos, compras, cumplimentaci\u00f3n de formularios, inscripciones, seguridad, facilitar funcionalidades (v\u00eddeos, redes sociales&#8230;).<\/p>\n\n<p>Cookies de personalizaci\u00f3n<\/p>\n\n<p>Las cookies de personalizaci\u00f3n permiten al usuario acceder a los servicios seg\u00fan sus preferencias (idioma, navegador, configuraci\u00f3n&#8230;).<\/p>\n\n<p>Cookies anal\u00edticas<\/p>\n\n<p>Las cookies anal\u00edticas son aquellas utilizadas para realizar el an\u00e1lisis an\u00f3nimo del comportamiento de los usuarios de la web y que permiten medir la actividad del usuario y elaborar perfiles de navegaci\u00f3n con el objetivo de mejorar los sitios web.<\/p>\n\n<p>Por tiempo:<\/p>\n\n<p>Sesi\u00f3n Cookies Sesi\u00f3n<\/p>\n\n<p>Las cookies son las que duran mientras el usuario navega por el sitio web y se eliminan cuando se cierra el navegador.<\/p>\n\n<p>Cookies persistentes<\/p>\n\n<p>Estas cookies se almacenan en el dispositivo del usuario hasta que se eliminan manualmente, o ha expirado el periodo de duraci\u00f3n establecido para dicha cookie.<\/p>\n\n<p>Por propiedad:<\/p>\n\n<p>Galletas propias<\/p>\n\n<p>Las que se env\u00edan al dispositivo del usuario desde un ordenador o dominio gestionado por el propio editor y desde el que se presta el servicio solicitado por el usuario.<\/p>\n\n<p>Cookies de terceros<\/p>\n\n<p>Son aqu\u00e9llas que se env\u00edan al dispositivo del usuario desde un equipo o dominio que no es gestionado por el editor, sino por otra entidad que trata los datos obtenidos a trav\u00e9s de las cookies.<\/p>\n\n<p>\u00bfC\u00f3mo puedo cambiar la configuraci\u00f3n de las cookies?<\/p>\n\n<p>Te informamos de que puedes activar o desactivar las cookies siguiendo las instrucciones de tu navegador de Internet:<\/p>\n\n<p><strong>Internet Explorer &#8211; Herramientas &gt; Opciones de Internet &gt; Privacidad &gt; Configuraci\u00f3n<\/strong><br\/><strong>Firefox &#8211; Herramientas &gt; Opciones &gt; Privacidad &gt; Historial &gt; Configuraci\u00f3n personalizada.<\/strong><br\/><strong>Google Chrome &#8211; Configuraci\u00f3n&gt; Mostrar opciones avanzadas&gt; Privacidad&gt; Configuraci\u00f3n del contenido.<\/strong><br\/><strong>Safari &#8211; Preferencias &gt; Seguridad.<\/strong> Estos navegadores est\u00e1n sujetos a actualizaciones o modificaciones, por lo que no podemos garantizar que sean totalmente compatibles con la versi\u00f3n de tu navegador. Tambi\u00e9n puede ser que utilices otro navegador no incluido en estos enlaces, como Opera, Edge, Konqueror, Arora, Flock, etc. Para evitar estos desajustes, puedes acceder a ellos directamente desde las opciones de tu navegador, que normalmente se encuentra en el men\u00fa Opciones, en la secci\u00f3n \u00abPrivacidad\u00bb. (Consulta la ayuda de tu navegador para obtener m\u00e1s informaci\u00f3n).<\/p>\n","protected":false},"excerpt":{"rendered":"<p>Este sitio web utiliza cookies t\u00e9cnicas, tanto propias como de terceros, que tratan datos de conexi\u00f3n y\/o del dispositivo, as\u00ed como h\u00e1bitos de navegaci\u00f3n con fines estad\u00edsticos. Para m\u00e1s informaci\u00f3n puedes consultar nuestra Pol\u00edtica de Cookies. Seguridad de tus datos personales. Para salvaguardar la seguridad de tus datos personales, te informamos de que hemos adoptado [&hellip;]<\/p>\n","protected":false},"author":2,"featured_media":0,"parent":0,"menu_order":999,"comment_status":"closed","ping_status":"closed","template":"","meta":{"footnotes":""},"class_list":["post-561","page","type-page","status-publish","hentry"],"yoast_head":"<!-- This site is optimized with the Yoast SEO plugin v27.5 - https:\/\/yoast.com\/product\/yoast-seo-wordpress\/ -->\n<title>Pol\u00edtica de cookies - Nanochronia<\/title>\n<meta name=\"robots\" content=\"noindex, nofollow\" \/>\n<meta property=\"og:locale\" content=\"es_ES\" \/>\n<meta property=\"og:type\" content=\"article\" \/>\n<meta property=\"og:title\" content=\"Pol\u00edtica de cookies - Nanochronia\" \/>\n<meta property=\"og:description\" content=\"Este sitio web utiliza cookies t\u00e9cnicas, tanto propias como de terceros, que tratan datos de conexi\u00f3n y\/o del dispositivo, as\u00ed como h\u00e1bitos de navegaci\u00f3n con fines estad\u00edsticos. Para m\u00e1s informaci\u00f3n puedes consultar nuestra Pol\u00edtica de Cookies. Seguridad de tus datos personales. Para salvaguardar la seguridad de tus datos personales, te informamos de que hemos adoptado [&hellip;]\" \/>\n<meta property=\"og:url\" content=\"https:\/\/nanochronia.com\/es\/cookies-policy\/\" \/>\n<meta property=\"og:site_name\" content=\"Nanochronia\" \/>\n<meta property=\"article:modified_time\" content=\"2026-02-06T16:08:41+00:00\" \/>\n<meta property=\"og:image\" content=\"https:\/\/nanochronia.com\/wp-content\/uploads\/2026\/02\/NanoSentry-with-screen2.webp\" \/>\n\t<meta property=\"og:image:width\" content=\"800\" \/>\n\t<meta property=\"og:image:height\" content=\"536\" \/>\n\t<meta property=\"og:image:type\" content=\"image\/webp\" \/>\n<meta name=\"twitter:card\" content=\"summary_large_image\" \/>\n<meta name=\"twitter:label1\" content=\"Tiempo de lectura\" \/>\n\t<meta name=\"twitter:data1\" content=\"4 minutos\" \/>\n<script type=\"application\/ld+json\" class=\"yoast-schema-graph\">{\"@context\":\"https:\\\/\\\/schema.org\",\"@graph\":[{\"@type\":\"WebPage\",\"@id\":\"https:\\\/\\\/nanochronia.com\\\/es\\\/cookies-policy\\\/\",\"url\":\"https:\\\/\\\/nanochronia.com\\\/es\\\/cookies-policy\\\/\",\"name\":\"Pol\u00edtica de cookies - Nanochronia\",\"isPartOf\":{\"@id\":\"https:\\\/\\\/nanochronia.com\\\/es\\\/#website\"},\"datePublished\":\"2023-07-06T10:23:16+00:00\",\"dateModified\":\"2026-02-06T16:08:41+00:00\",\"breadcrumb\":{\"@id\":\"https:\\\/\\\/nanochronia.com\\\/es\\\/cookies-policy\\\/#breadcrumb\"},\"inLanguage\":\"es\",\"potentialAction\":[{\"@type\":\"ReadAction\",\"target\":[\"https:\\\/\\\/nanochronia.com\\\/es\\\/cookies-policy\\\/\"]}]},{\"@type\":\"BreadcrumbList\",\"@id\":\"https:\\\/\\\/nanochronia.com\\\/es\\\/cookies-policy\\\/#breadcrumb\",\"itemListElement\":[{\"@type\":\"ListItem\",\"position\":1,\"name\":\"Home\",\"item\":\"https:\\\/\\\/nanochronia.com\\\/es\\\/\"},{\"@type\":\"ListItem\",\"position\":2,\"name\":\"Pol\u00edtica de cookies\"}]},{\"@type\":\"WebSite\",\"@id\":\"https:\\\/\\\/nanochronia.com\\\/es\\\/#website\",\"url\":\"https:\\\/\\\/nanochronia.com\\\/es\\\/\",\"name\":\"Nanochronia\",\"description\":\"Holding Gases Accountable\",\"publisher\":{\"@id\":\"https:\\\/\\\/nanochronia.com\\\/es\\\/#organization\"},\"potentialAction\":[{\"@type\":\"SearchAction\",\"target\":{\"@type\":\"EntryPoint\",\"urlTemplate\":\"https:\\\/\\\/nanochronia.com\\\/es\\\/?s={search_term_string}\"},\"query-input\":{\"@type\":\"PropertyValueSpecification\",\"valueRequired\":true,\"valueName\":\"search_term_string\"}}],\"inLanguage\":\"es\"},{\"@type\":\"Organization\",\"@id\":\"https:\\\/\\\/nanochronia.com\\\/es\\\/#organization\",\"name\":\"Nanochronia\",\"url\":\"https:\\\/\\\/nanochronia.com\\\/es\\\/\",\"logo\":{\"@type\":\"ImageObject\",\"inLanguage\":\"es\",\"@id\":\"https:\\\/\\\/nanochronia.com\\\/es\\\/#\\\/schema\\\/logo\\\/image\\\/\",\"url\":\"https:\\\/\\\/nanochronia.com\\\/wp-content\\\/uploads\\\/2026\\\/02\\\/Inverted2.webp\",\"contentUrl\":\"https:\\\/\\\/nanochronia.com\\\/wp-content\\\/uploads\\\/2026\\\/02\\\/Inverted2.webp\",\"width\":229,\"height\":60,\"caption\":\"Nanochronia\"},\"image\":{\"@id\":\"https:\\\/\\\/nanochronia.com\\\/es\\\/#\\\/schema\\\/logo\\\/image\\\/\"},\"sameAs\":[\"https:\\\/\\\/www.linkedin.com\\\/company\\\/nanochronia\\\/\"]}]}<\/script>\n<!-- \/ Yoast SEO plugin. -->","yoast_head_json":{"title":"Pol\u00edtica de cookies - Nanochronia","robots":{"index":"noindex","follow":"nofollow"},"og_locale":"es_ES","og_type":"article","og_title":"Pol\u00edtica de cookies - Nanochronia","og_description":"Este sitio web utiliza cookies t\u00e9cnicas, tanto propias como de terceros, que tratan datos de conexi\u00f3n y\/o del dispositivo, as\u00ed como h\u00e1bitos de navegaci\u00f3n con fines estad\u00edsticos. Para m\u00e1s informaci\u00f3n puedes consultar nuestra Pol\u00edtica de Cookies. Seguridad de tus datos personales. Para salvaguardar la seguridad de tus datos personales, te informamos de que hemos adoptado [&hellip;]","og_url":"https:\/\/nanochronia.com\/es\/cookies-policy\/","og_site_name":"Nanochronia","article_modified_time":"2026-02-06T16:08:41+00:00","og_image":[{"width":800,"height":536,"url":"https:\/\/nanochronia.com\/wp-content\/uploads\/2026\/02\/NanoSentry-with-screen2.webp","type":"image\/webp"}],"twitter_card":"summary_large_image","twitter_misc":{"Tiempo de lectura":"4 minutos"},"schema":{"@context":"https:\/\/schema.org","@graph":[{"@type":"WebPage","@id":"https:\/\/nanochronia.com\/es\/cookies-policy\/","url":"https:\/\/nanochronia.com\/es\/cookies-policy\/","name":"Pol\u00edtica de cookies - Nanochronia","isPartOf":{"@id":"https:\/\/nanochronia.com\/es\/#website"},"datePublished":"2023-07-06T10:23:16+00:00","dateModified":"2026-02-06T16:08:41+00:00","breadcrumb":{"@id":"https:\/\/nanochronia.com\/es\/cookies-policy\/#breadcrumb"},"inLanguage":"es","potentialAction":[{"@type":"ReadAction","target":["https:\/\/nanochronia.com\/es\/cookies-policy\/"]}]},{"@type":"BreadcrumbList","@id":"https:\/\/nanochronia.com\/es\/cookies-policy\/#breadcrumb","itemListElement":[{"@type":"ListItem","position":1,"name":"Home","item":"https:\/\/nanochronia.com\/es\/"},{"@type":"ListItem","position":2,"name":"Pol\u00edtica de cookies"}]},{"@type":"WebSite","@id":"https:\/\/nanochronia.com\/es\/#website","url":"https:\/\/nanochronia.com\/es\/","name":"Nanochronia","description":"Holding Gases Accountable","publisher":{"@id":"https:\/\/nanochronia.com\/es\/#organization"},"potentialAction":[{"@type":"SearchAction","target":{"@type":"EntryPoint","urlTemplate":"https:\/\/nanochronia.com\/es\/?s={search_term_string}"},"query-input":{"@type":"PropertyValueSpecification","valueRequired":true,"valueName":"search_term_string"}}],"inLanguage":"es"},{"@type":"Organization","@id":"https:\/\/nanochronia.com\/es\/#organization","name":"Nanochronia","url":"https:\/\/nanochronia.com\/es\/","logo":{"@type":"ImageObject","inLanguage":"es","@id":"https:\/\/nanochronia.com\/es\/#\/schema\/logo\/image\/","url":"https:\/\/nanochronia.com\/wp-content\/uploads\/2026\/02\/Inverted2.webp","contentUrl":"https:\/\/nanochronia.com\/wp-content\/uploads\/2026\/02\/Inverted2.webp","width":229,"height":60,"caption":"Nanochronia"},"image":{"@id":"https:\/\/nanochronia.com\/es\/#\/schema\/logo\/image\/"},"sameAs":["https:\/\/www.linkedin.com\/company\/nanochronia\/"]}]}},"_links":{"self":[{"href":"https:\/\/nanochronia.com\/es\/wp-json\/wp\/v2\/pages\/561","targetHints":{"allow":["GET"]}}],"collection":[{"href":"https:\/\/nanochronia.com\/es\/wp-json\/wp\/v2\/pages"}],"about":[{"href":"https:\/\/nanochronia.com\/es\/wp-json\/wp\/v2\/types\/page"}],"author":[{"embeddable":true,"href":"https:\/\/nanochronia.com\/es\/wp-json\/wp\/v2\/users\/2"}],"replies":[{"embeddable":true,"href":"https:\/\/nanochronia.com\/es\/wp-json\/wp\/v2\/comments?post=561"}],"version-history":[{"count":3,"href":"https:\/\/nanochronia.com\/es\/wp-json\/wp\/v2\/pages\/561\/revisions"}],"predecessor-version":[{"id":1596,"href":"https:\/\/nanochronia.com\/es\/wp-json\/wp\/v2\/pages\/561\/revisions\/1596"}],"wp:attachment":[{"href":"https:\/\/nanochronia.com\/es\/wp-json\/wp\/v2\/media?parent=561"}],"curies":[{"name":"wp","href":"https:\/\/api.w.org\/{rel}","templated":true}]}}